{"id":4521,"date":"2016-01-22T08:45:09","date_gmt":"2016-01-22T08:45:09","guid":{"rendered":"http:\/\/www.bookari.com\/es\/?page_id=4521"},"modified":"2022-09-20T09:52:26","modified_gmt":"2022-09-20T07:52:26","slug":"privacidad-2","status":"publish","type":"page","link":"https:\/\/assimil.mantano.com\/es\/politica-de-privacidad\/","title":{"rendered":"Pol\u00edtica de privacidad"},"content":{"rendered":"<div class=\"wpb-content-wrapper\">[vc_row][vc_column][vc_column_text font_size=\u00bb\u00bb line_height=\u00bb\u00bb letter_spacing=\u00bb\u00bb responsive_text_min_max=\u00bb\u00bb]\n<div class=\"cmsArea\">\n<p>Esta Pol\u00edtica de Privacidad se aplica a todos los productos, servicios y sitios web<br \/>\n<a href=\"https:\/\/assimil.mantano.com\/\" target=\"_blank\" rel=\"noopener\">https:\/\/assimil.mantano.com\/,<\/a>\u00a0 <a href=\"https:\/\/my.bookari.com\/\" target=\"_blank\" rel=\"noopener\">https:\/\/my.bookari.com\/<\/a> y <a href=\"http:\/\/support.assimil.online\/\" target=\"_blank\" rel=\"noopener\">http:\/\/support.assimil.online<\/a> ofrecido por Mantano SAS (colectivamente, los \u00abServicios\u00bb de Mantano). Esta Pol\u00edtica de Privacidad tiene por objeto ayudarle a comprender c\u00f3mo recogemos y utilizamos la informaci\u00f3n personal relacionada con nuestros servicios. En esta Pol\u00edtica de Privacidad, las referencias a \u00abnosotros\u00bb y \u00abnuestro\u00bb se refieren a Mantano, mientras que las referencias a \u00abusted\u00bb y \u00absu\u00bb se refieren al cliente o usuario de Mantano.<\/p>\n<h2 class=\"cms-h2\">Las informaciones que recogemos<\/h2>\n<p>Con el fin de proporcionar nuestros servicios, recogemos los siguientes tipos de informaci\u00f3n:<\/p>\n<h3 class=\"cms-h3\">Informaciones de inscripci\u00f3n<\/h3>\n<p>Cuando se registra en Mantano o Bookai para crear una cuenta, le pedimos que nos proporcione informaci\u00f3n personal, incluyendo su nombre, direcci\u00f3n de correo electr\u00f3nico, nombre de la empresa (opcional) y contrase\u00f1a de la cuenta.<br \/>\nPara utilizar los servicios de Mantano, usted debe tener por lo menos trece (13) a\u00f1os de edad. Los ni\u00f1os menores de 13 a\u00f1os no est\u00e1n autorizados a utilizar los servicios de Mantano y esta Pol\u00edtica de Privacidad no contiene ninguna disposici\u00f3n para su uso antes de esa edad. En el caso de que un usuario se identifique como un ni\u00f1o menor de 13 a\u00f1os en relaci\u00f3n con las web <a href=\"https:\/\/assimil.mantano.com\/\" target=\"_blank\" rel=\"noopener\">https:\/\/assimil.mantano.com\/ y <\/a>\u00a0 <a href=\"https:\/\/my.bookari.com\/\" target=\"_blank\" rel=\"noopener\">https:\/\/my.bookari.com\/<\/a> (la \u201cWeb\u201d), Mantano no recopilar\u00e1, almacenar\u00e1 ni utilizar\u00e1 informaci\u00f3n personal sobre dichos usuarios. Adem\u00e1s, en el caso de que Mantano reciba informaci\u00f3n personal que Mantano descubra que ha sido proporcionada por un ni\u00f1o menor de 13 a\u00f1os, Mantano eliminar\u00e1 de inmediato dicha informaci\u00f3n de manera segura.<\/p>\n<h3 class=\"cms-h3\">Communicaci\u00f3n con el usuario<\/h3>\n<p>Le enviaremos un correo electr\u00f3nico de bienvenida para verificar su direcci\u00f3n de correo electr\u00f3nico. Tambi\u00e9n nos pondremos en contacto con usted en respuesta a sus preguntas, para informarle de nuestros servicios y para administrar su cuenta, as\u00ed como para anuncios relacionados con el servicio, cuando sea necesario. Por ejemplo, si su servicio se suspende temporalmente por razones de mantenimiento, es posible que le enviemos un correo electr\u00f3nico al respecto. Generalmente, usted no puede optar por no recibir dichas comunicaciones. Si nos env\u00eda un correo electr\u00f3nico u otras comunicaciones, es posible que conservemos el contenido de sus comunicaciones con su direcci\u00f3n de correo electr\u00f3nico y nuestras respuestas.<\/p>\n<h3 class=\"cms-h3\">Informaci\u00f3n sobre el uso del sitio web<\/h3>\n<p>Al igual que otros sitios web comerciales, nuestro sitio web utiliza una tecnolog\u00eda est\u00e1ndar llamada \u00abcookies\u00bb y el servidor web se conecta para recopilar informaci\u00f3n sobre c\u00f3mo se utiliza nuestro sitio web. Una cookie es un peque\u00f1o archivo de texto que a menudo contiene un identificador \u00fanico an\u00f3nimo. Cuando usted visita un sitio web, la computadora en ese sitio le pide permiso a su computadora para almacenar ese archivo en una porci\u00f3n de su disco duro espec\u00edficamente dise\u00f1ada para las cookies. Cada sitio Web puede enviar su propia cookie a su navegador si las preferencias de su navegador lo permiten; sin embargo, para proteger su privacidad, su navegador s\u00f3lo permite que un sitio Web acceda a las cookies que ya le ha enviado, pero no a las cookies que le han sido enviadas por otros sitios. Cuando usted inicia sesi\u00f3n y navega por nuestro sitio web, nuestro servidor de sitio web recibe y registra autom\u00e1ticamente informaci\u00f3n sobre los registros de nuestro servidor de sitio web desde su navegador, que puede incluir su direcci\u00f3n IP, una cookie, la(s) p\u00e1gina(s) visitada(s), la fecha y hora de las visitas, el tiempo pasado en nuestro sitio web, y los sitios web visitados justo antes y justo despu\u00e9s de nuestro sitio web. No vinculamos la informaci\u00f3n que almacenamos en las cookies a la informaci\u00f3n de identificaci\u00f3n personal que usted env\u00eda a nuestro sitio.<\/p>\n<p>Nuestro sitio web utiliza cookies para diferenciarlo de otros usuarios y para mejorar su experiencia de usuario (por ejemplo, permiti\u00e9ndole iniciar sesi\u00f3n menos veces de las que se le exigir\u00edan de otro modo). Por otro lado, las cookies, junto con nuestros archivos de registro del servidor, nos permiten calcular el n\u00famero total de personas que visitan nuestro sitio web y qu\u00e9 partes del sitio son las m\u00e1s populares. Esto nos ayuda a recopilar comentarios para mejorar continuamente nuestro sitio web y satisfacer mejor las necesidades de nuestros clientes.<\/p>\n<p>Utilizamos herramientas anal\u00edticas en nuestra aplicaci\u00f3n m\u00f3vil con fines de visibilidad, para hacer un seguimiento de cu\u00e1ntas veces se ha abierto la aplicaci\u00f3n, as\u00ed como de las p\u00e1ginas vistas como parte de la aplicaci\u00f3n. Sin embargo, no utilizamos su informaci\u00f3n personal con fines anal\u00edticos y no solicitamos, accedemos ni rastreamos informaci\u00f3n basada en la ubicaci\u00f3n desde su dispositivo m\u00f3vil.<\/p>\n<p>El uso de cookies por parte de terceros no est\u00e1 cubierto por nuestra Pol\u00edtica de Privacidad. No tenemos acceso a estos testigos y no los controlamos. Algunos terceros utilizan cookies de identificaci\u00f3n de sesi\u00f3n para facilitar su navegaci\u00f3n en nuestro sitio.<\/p>\n<h2 class=\"cms-h2\">Uso de la informaci\u00f3n recogida<\/h2>\n<p>Utilizamos la informaci\u00f3n que recopilamos para auditar, investigar y analizar nuestros servicios, para mantener, proteger y mejorar dichos servicios, para operar nuestros servidores, para proporcionar servicio al cliente, para ponernos en contacto con usted como se describe en esta Pol\u00edtica de Privacidad, y para habilitar opciones de servicio, como permitirle compartir fotos y archivos con amigos, y para desarrollar nuevos productos y servicios para nuestros clientes actuales y potenciales. Tambi\u00e9n podemos utilizar la informaci\u00f3n que recopilamos para notificarle de cambios importantes en nuestros servicios, para responder a sus solicitudes de asistencia t\u00e9cnica y para enviarle boletines informativos y ofertas especiales que creemos que le pueden resultar \u00fatiles. Puede notificarnos en cualquier momento que no desea recibir estas ofertas iniciando sesi\u00f3n en su cuenta y actualizando su configuraci\u00f3n de notificaci\u00f3n, o siguiendo las instrucciones proporcionadas en cada comunicaci\u00f3n. Tenga en cuenta que al utilizar nuestros servicios, es posible que tengamos que enviarle informaci\u00f3n sobre su cuenta, como anuncios de servicio. Adem\u00e1s, al utilizar nuestros servicios, usted nos autoriza a enviarle dicha informaci\u00f3n y no puede optar por no recibir dichos mensajes.<\/p>\n<h3 class=\"cms-h3\">Foros p\u00fablicos<\/h3>\n<p>Nuestro sitio web ofrece blogs de acceso p\u00fablico, foros de mensajes privados o foros de la comunidad de usuarios. Tenga en cuenta que cualquier informaci\u00f3n que proporcione en estas \u00e1reas puede ser le\u00edda, recopilada y utilizada por otras personas que tengan acceso a ella. Para solicitar la eliminaci\u00f3n de su informaci\u00f3n de nuestro blog o foro de la comunidad, p\u00f3ngase en contacto con nosotros. En algunos casos, es posible que no podamos eliminar su informaci\u00f3n personal, en cuyo caso le informaremos por qu\u00e9 no podemos eliminarla.<\/p>\n<h3 class=\"cms-h3\">Informaci\u00f3n compartida con terceros<\/h3>\n<p>No compartimos sus archivos almacenados en nuestros servidores con terceros a menos que usted nos lo indique y Mantano nos lo autorice. No revelaremos sus archivos a nadie a menos que usted nos lo indique o que un tribunal nos lo ordene. Sus archivos no se consideran \u00abinformaci\u00f3n personal\u00bb.<\/p>\n<p>Mantano no vende ni alquila su informaci\u00f3n personal a terceros, excepto que la informaci\u00f3n sobre usted puede ser divulgada a terceros en las siguientes circunstancias:<\/p>\n<ul>\n<li>Cuando usted se registra para nuestros servicios, podemos revelar su informaci\u00f3n personal a nuestros afiliados y subsidiarias para poder proporcionarle servicios.<\/li>\n<\/ul>\n<ul>\n<li>Podemos utilizar a terceros para realizar servicios relacionados con nuestro negocio, como un servicio de procesamiento de pagos, personal de mensajer\u00eda instant\u00e1nea, un proveedor de alojamiento de plataforma de comunidad de usuarios y un proveedor de servicios de correo electr\u00f3nico. En relaci\u00f3n con estas actividades comerciales, es posible que terceros tengan acceso a su informaci\u00f3n personal. Estos terceros est\u00e1n sujetos a un acuerdo de que su informaci\u00f3n personal ser\u00e1 tratada de acuerdo con esta Pol\u00edtica de Privacidad.<\/li>\n<\/ul>\n<ul>\n<li>En caso de fusi\u00f3n, adquisici\u00f3n o cualquier forma de venta de la totalidad o parte de nuestros activos, le notificaremos por correo electr\u00f3nico antes de que la informaci\u00f3n personal sea transmitida y est\u00e9 sujeta a una pol\u00edtica de privacidad diferente.<\/li>\n<\/ul>\n<ul>\n<li>Podemos divulgar su informaci\u00f3n personal si as\u00ed lo requiere la ley o cuando se nos cite como testigos, o si creemos que dicha acci\u00f3n es necesaria por las siguientes razones: (a) cumplir con la ley o proceso legal; (b) proteger y defender nuestros derechos y propiedad, nuestros servicios y\/o usuarios de nuestros servicios; (c) hacer cumplir los t\u00e9rminos de uso con respecto a nuestros servicios (incluyendo la investigaci\u00f3n de posibles violaciones de los mismos); (d) detectar, prevenir o tratar con problemas de fraude, seguridad o t\u00e9cnicos; o (e) proteger la seguridad de los usuarios de nuestros servicios, nuestros u otros.<\/li>\n<\/ul>\n<h2 class=\"cms-h2\">Seguridad: Actualizaci\u00f3n de su informaci\u00f3n<\/h2>\n<p>Tomamos las medidas de seguridad apropiadas para proteger el acceso no autorizado, alteraci\u00f3n, revelaci\u00f3n o destrucci\u00f3n de datos. En Mantano, limitamos el acceso a la informaci\u00f3n personal a los empleados, contratistas y agentes de Mantano que necesitan conocer esa informaci\u00f3n para operar, desarrollar o mejorar nuestros servicios. Estas personas est\u00e1n sujetas a una estricta obligaci\u00f3n de confidencialidad.<\/p>\n<h3>Transmisiones de correo electr\u00f3nico<\/h3>\n<p>El correo electr\u00f3nico no es reconocido como un medio seguro de comunicaci\u00f3n. Por esta raz\u00f3n, le pedimos que no env\u00ede informaci\u00f3n privada o confidencial por correo electr\u00f3nico. Parte de la informaci\u00f3n personal que puede introducir en nuestro sitio web (por ejemplo, una contrase\u00f1a de inicio de sesi\u00f3n, una contrase\u00f1a de restablecimiento de sesi\u00f3n, etc.) se transmitir\u00e1 de forma segura a trav\u00e9s de https, que codifica dicha informaci\u00f3n.<\/p>\n<h3>Enlaces a sitios externos<\/h3>\n<p>No nos hacemos responsables de las pr\u00e1cticas empleadas por los sitios web enlazados desde o hacia nuestro sitio web, ni de la informaci\u00f3n o contenido de los mismos. A menudo, los enlaces a otros sitios web se proporcionan \u00fanicamente como una conveniencia para proporcionar informaci\u00f3n sobre temas que pueden ser de inter\u00e9s para los usuarios de nuestro sitio web.<br \/>\nRecuerde que cuando usted utiliza un enlace de nuestro sitio web a otro sitio web, nuestra Pol\u00edtica de Privacidad ya no est\u00e1 en vigor. Su navegaci\u00f3n e interacci\u00f3n en cualquier otro sitio web, incluidos los sitios web que enlazan con nuestro sitio web, est\u00e1 sujeta a las normas y pol\u00edticas de este sitio web. Por favor revise estas reglas y pol\u00edticas antes de proceder.<\/p>\n<h3>C\u00f3mo ver y cambiar su informaci\u00f3n<\/h3>\n<p>Puede acceder a su informaci\u00f3n, eliminar imprecisiones y corregirlas en cualquier momento iniciando sesi\u00f3n en su cuenta y cambiando la informaci\u00f3n relevante. Si usted cancela su cuenta de Bookari, su identificaci\u00f3n, informaci\u00f3n de facturaci\u00f3n e informaci\u00f3n de contacto puede permanecer en nuestros registros durante alg\u00fan tiempo. Responderemos a su solicitud de acceso en un plazo de 30 d\u00edas.<br \/>\nRetendremos su informaci\u00f3n personal o de contacto durante el tiempo que su cuenta est\u00e9 activa o durante el tiempo que sea necesario para proporcionarle los servicios, a menos que usted decida retirar esa informaci\u00f3n. Puede cancelar su cuenta a trav\u00e9s de la interfaz web. Retendremos y utilizaremos su informaci\u00f3n en la medida necesaria para cumplir con nuestras obligaciones legales, resolver disputas y hacer cumplir nuestros acuerdos.<\/p>\n<h2 class=\"cms-h2\">Su consentimiento<\/h2>\n<p>Al utilizar nuestros servicios, usted da su consentimiento para que recopilemos y utilicemos su informaci\u00f3n personal tal como se describe en esta Pol\u00edtica de Privacidad. Si decidimos cambiar nuestras pr\u00e1cticas de privacidad, publicaremos esos cambios en esta Pol\u00edtica de Privacidad, en la p\u00e1gina de inicio y en otros lugares que consideremos apropiados, para que usted sepa qu\u00e9 informaci\u00f3n recopilamos, c\u00f3mo la usamos y bajo qu\u00e9 circunstancias, si las hubiera, la revelamos.<br \/>\nNos reservamos el derecho de cambiar esta Pol\u00edtica de Privacidad en cualquier momento, sujeto a sus derechos como suscriptor de nuestros servicios. Si cambiamos la forma en que utilizamos su informaci\u00f3n personal identificable o la de sus contactos, se lo notificaremos aqu\u00ed, por correo electr\u00f3nico o mediante un aviso publicado en nuestra p\u00e1gina de inicio.<\/p>\n<h2 class=\"cms-h2\">M\u00e1s informaci\u00f3n sobre la protecci\u00f3n de su privacidad<\/h2>\n<p>Mantano est\u00e1 registrado en la C.N.I.L. (Commission Nationale de l&#8217;Informatique et des Libert\u00e9s, Organisme contr\u00f4lant la confidentialit\u00e9 des donn\u00e9es et la s\u00e9curit\u00e9 des sites web et donn\u00e9es de donn\u00e9es) con el n\u00famero de registro 1569706 v 0. Si tiene alguna pregunta sobre esta Pol\u00edtica de Privacidad, por favor <a title=\"Contact\" href=\"http:\/\/support.assimil.online\/\" target=\"_blank\" rel=\"noopener\">cont\u00e1ctenos<\/a> o escr\u00edbanos a Mantano SAS, 2 rue du Helder, 75009 PARIS, FRANCIA.<\/p>\n<p style=\"text-align: right\">\u00daltima actualizaci\u00f3n el 27 de julio de 2018<\/p>\n<\/div>\n[\/vc_column_text][\/vc_column][\/vc_row]\n<\/div>","protected":false},"excerpt":{"rendered":"<p>[vc_row][vc_column][vc_column_text font_size=\u00bb\u00bb line_height=\u00bb\u00bb letter_spacing=\u00bb\u00bb responsive_text_min_max=\u00bb\u00bb] Esta Pol\u00edtica de Privacidad se aplica a todos los productos, servicios y sitios web https:\/\/assimil.mantano.com\/,\u00a0 https:\/\/my.bookari.com\/ y http:\/\/support.assimil.online ofrecido por Mantano SAS (colectivamente, los \u00abServicios\u00bb de Mantano). Esta Pol\u00edtica de Privacidad tiene por objeto ayudarle a comprender c\u00f3mo recogemos y utilizamos la informaci\u00f3n personal relacionada con nuestros servicios. En esta&hellip;<\/p>\n","protected":false},"author":3,"featured_media":0,"parent":0,"menu_order":0,"comment_status":"open","ping_status":"open","template":"","meta":{"inline_featured_image":false,"jetpack_post_was_ever_published":false,"footnotes":""},"class_list":["post-4521","page","type-page","status-publish","hentry","entry","no-media"],"yoast_head":"<!-- This site is optimized with the Yoast SEO plugin v27.3 - https:\/\/yoast.com\/product\/yoast-seo-wordpress\/ -->\n<title>Assimil e-courses - Pol\u00edtica de privacidad - Apprend des langues facilement et rapidement sur smartphone, tablette et ordi<\/title>\n<meta name=\"description\" content=\"Habla un idioma en 100 d\u00edas. Los e-m\u00e9todos de Assimil se basan en un principio patentado de aprendizaje intuitivo. Aprender\u00e1s de una manera agradable, r\u00e1pida y f\u00e1cil en tu m\u00f3vil (iPhone y Android), tableta y computadora.\" \/>\n<meta name=\"robots\" content=\"index, follow, max-snippet:-1, max-image-preview:large, max-video-preview:-1\" \/>\n<link rel=\"canonical\" href=\"https:\/\/assimil.mantano.com\/es\/politica-de-privacidad\/\" \/>\n<meta property=\"og:locale\" content=\"es_ES\" \/>\n<meta property=\"og:type\" content=\"article\" \/>\n<meta property=\"og:title\" content=\"Assimil e-courses - Pol\u00edtica de privacidad - Apprend des langues facilement et rapidement sur smartphone, tablette et ordi\" \/>\n<meta property=\"og:description\" content=\"Habla un idioma en 100 d\u00edas. Los e-m\u00e9todos de Assimil se basan en un principio patentado de aprendizaje intuitivo. Aprender\u00e1s de una manera agradable, r\u00e1pida y f\u00e1cil en tu m\u00f3vil (iPhone y Android), tableta y computadora.\" \/>\n<meta property=\"og:url\" content=\"https:\/\/assimil.mantano.com\/es\/politica-de-privacidad\/\" \/>\n<meta property=\"og:site_name\" content=\"Assimil e-courses\" \/>\n<meta property=\"article:publisher\" content=\"https:\/\/www.facebook.com\/AssimilApps\/\" \/>\n<meta property=\"article:modified_time\" content=\"2022-09-20T07:52:26+00:00\" \/>\n<meta property=\"og:image\" content=\"https:\/\/assimil.mantano.com\/wp-content\/uploads\/sites\/14\/2021\/04\/Apps-Assimil-_-Post-Facebook.png\" \/>\n\t<meta property=\"og:image:width\" content=\"940\" \/>\n\t<meta property=\"og:image:height\" content=\"788\" \/>\n\t<meta property=\"og:image:type\" content=\"image\/png\" \/>\n<meta name=\"twitter:card\" content=\"summary_large_image\" \/>\n<meta name=\"twitter:site\" content=\"@editionsassimil\" \/>\n<meta name=\"twitter:label1\" content=\"Tiempo de lectura\" \/>\n\t<meta name=\"twitter:data1\" content=\"9 minutos\" \/>\n<script type=\"application\/ld+json\" class=\"yoast-schema-graph\">{\"@context\":\"https:\\\/\\\/schema.org\",\"@graph\":[{\"@type\":\"WebPage\",\"@id\":\"https:\\\/\\\/assimil.mantano.com\\\/es\\\/politica-de-privacidad\\\/\",\"url\":\"https:\\\/\\\/assimil.mantano.com\\\/es\\\/politica-de-privacidad\\\/\",\"name\":\"Assimil e-courses - Pol\u00edtica de privacidad - Apprend des langues facilement et rapidement sur smartphone, tablette et ordi\",\"isPartOf\":{\"@id\":\"https:\\\/\\\/assimil.mantano.com\\\/es\\\/#website\"},\"datePublished\":\"2016-01-22T08:45:09+00:00\",\"dateModified\":\"2022-09-20T07:52:26+00:00\",\"description\":\"Habla un idioma en 100 d\u00edas. Los e-m\u00e9todos de Assimil se basan en un principio patentado de aprendizaje intuitivo. Aprender\u00e1s de una manera agradable, r\u00e1pida y f\u00e1cil en tu m\u00f3vil (iPhone y Android), tableta y computadora.\",\"breadcrumb\":{\"@id\":\"https:\\\/\\\/assimil.mantano.com\\\/es\\\/politica-de-privacidad\\\/#breadcrumb\"},\"inLanguage\":\"es\",\"potentialAction\":[{\"@type\":\"ReadAction\",\"target\":[\"https:\\\/\\\/assimil.mantano.com\\\/es\\\/politica-de-privacidad\\\/\"]}]},{\"@type\":\"BreadcrumbList\",\"@id\":\"https:\\\/\\\/assimil.mantano.com\\\/es\\\/politica-de-privacidad\\\/#breadcrumb\",\"itemListElement\":[{\"@type\":\"ListItem\",\"position\":1,\"name\":\"Accueil\",\"item\":\"https:\\\/\\\/assimil.mantano.com\\\/es\\\/\"},{\"@type\":\"ListItem\",\"position\":2,\"name\":\"Pol\u00edtica de privacidad\"}]},{\"@type\":\"WebSite\",\"@id\":\"https:\\\/\\\/assimil.mantano.com\\\/es\\\/#website\",\"url\":\"https:\\\/\\\/assimil.mantano.com\\\/es\\\/\",\"name\":\"Assimil e-courses\",\"description\":\"100 days to speak a new language\",\"publisher\":{\"@id\":\"https:\\\/\\\/assimil.mantano.com\\\/es\\\/#organization\"},\"potentialAction\":[{\"@type\":\"SearchAction\",\"target\":{\"@type\":\"EntryPoint\",\"urlTemplate\":\"https:\\\/\\\/assimil.mantano.com\\\/es\\\/?s={search_term_string}\"},\"query-input\":{\"@type\":\"PropertyValueSpecification\",\"valueRequired\":true,\"valueName\":\"search_term_string\"}}],\"inLanguage\":\"es\"},{\"@type\":\"Organization\",\"@id\":\"https:\\\/\\\/assimil.mantano.com\\\/es\\\/#organization\",\"name\":\"Assimil\",\"url\":\"https:\\\/\\\/assimil.mantano.com\\\/es\\\/\",\"logo\":{\"@type\":\"ImageObject\",\"inLanguage\":\"es\",\"@id\":\"https:\\\/\\\/assimil.mantano.com\\\/es\\\/#\\\/schema\\\/logo\\\/image\\\/\",\"url\":\"https:\\\/\\\/assimil.mantano.com\\\/wp-content\\\/uploads\\\/sites\\\/14\\\/2018\\\/07\\\/assimil_crisp_2.png\",\"contentUrl\":\"https:\\\/\\\/assimil.mantano.com\\\/wp-content\\\/uploads\\\/sites\\\/14\\\/2018\\\/07\\\/assimil_crisp_2.png\",\"width\":160,\"height\":160,\"caption\":\"Assimil\"},\"image\":{\"@id\":\"https:\\\/\\\/assimil.mantano.com\\\/es\\\/#\\\/schema\\\/logo\\\/image\\\/\"},\"sameAs\":[\"https:\\\/\\\/www.facebook.com\\\/AssimilApps\\\/\",\"https:\\\/\\\/x.com\\\/editionsassimil\",\"https:\\\/\\\/www.instagram.com\\\/editionsassimil\\\/\",\"https:\\\/\\\/www.youtube.com\\\/user\\\/editionsassimil\"]}]}<\/script>\n<!-- \/ Yoast SEO plugin. -->","yoast_head_json":{"title":"Assimil e-courses - Pol\u00edtica de privacidad - Apprend des langues facilement et rapidement sur smartphone, tablette et ordi","description":"Habla un idioma en 100 d\u00edas. Los e-m\u00e9todos de Assimil se basan en un principio patentado de aprendizaje intuitivo. Aprender\u00e1s de una manera agradable, r\u00e1pida y f\u00e1cil en tu m\u00f3vil (iPhone y Android), tableta y computadora.","robots":{"index":"index","follow":"follow","max-snippet":"max-snippet:-1","max-image-preview":"max-image-preview:large","max-video-preview":"max-video-preview:-1"},"canonical":"https:\/\/assimil.mantano.com\/es\/politica-de-privacidad\/","og_locale":"es_ES","og_type":"article","og_title":"Assimil e-courses - Pol\u00edtica de privacidad - Apprend des langues facilement et rapidement sur smartphone, tablette et ordi","og_description":"Habla un idioma en 100 d\u00edas. Los e-m\u00e9todos de Assimil se basan en un principio patentado de aprendizaje intuitivo. Aprender\u00e1s de una manera agradable, r\u00e1pida y f\u00e1cil en tu m\u00f3vil (iPhone y Android), tableta y computadora.","og_url":"https:\/\/assimil.mantano.com\/es\/politica-de-privacidad\/","og_site_name":"Assimil e-courses","article_publisher":"https:\/\/www.facebook.com\/AssimilApps\/","article_modified_time":"2022-09-20T07:52:26+00:00","og_image":[{"width":940,"height":788,"url":"https:\/\/assimil.mantano.com\/wp-content\/uploads\/sites\/14\/2021\/04\/Apps-Assimil-_-Post-Facebook.png","type":"image\/png"}],"twitter_card":"summary_large_image","twitter_site":"@editionsassimil","twitter_misc":{"Tiempo de lectura":"9 minutos"},"schema":{"@context":"https:\/\/schema.org","@graph":[{"@type":"WebPage","@id":"https:\/\/assimil.mantano.com\/es\/politica-de-privacidad\/","url":"https:\/\/assimil.mantano.com\/es\/politica-de-privacidad\/","name":"Assimil e-courses - Pol\u00edtica de privacidad - Apprend des langues facilement et rapidement sur smartphone, tablette et ordi","isPartOf":{"@id":"https:\/\/assimil.mantano.com\/es\/#website"},"datePublished":"2016-01-22T08:45:09+00:00","dateModified":"2022-09-20T07:52:26+00:00","description":"Habla un idioma en 100 d\u00edas. Los e-m\u00e9todos de Assimil se basan en un principio patentado de aprendizaje intuitivo. Aprender\u00e1s de una manera agradable, r\u00e1pida y f\u00e1cil en tu m\u00f3vil (iPhone y Android), tableta y computadora.","breadcrumb":{"@id":"https:\/\/assimil.mantano.com\/es\/politica-de-privacidad\/#breadcrumb"},"inLanguage":"es","potentialAction":[{"@type":"ReadAction","target":["https:\/\/assimil.mantano.com\/es\/politica-de-privacidad\/"]}]},{"@type":"BreadcrumbList","@id":"https:\/\/assimil.mantano.com\/es\/politica-de-privacidad\/#breadcrumb","itemListElement":[{"@type":"ListItem","position":1,"name":"Accueil","item":"https:\/\/assimil.mantano.com\/es\/"},{"@type":"ListItem","position":2,"name":"Pol\u00edtica de privacidad"}]},{"@type":"WebSite","@id":"https:\/\/assimil.mantano.com\/es\/#website","url":"https:\/\/assimil.mantano.com\/es\/","name":"Assimil e-courses","description":"100 days to speak a new language","publisher":{"@id":"https:\/\/assimil.mantano.com\/es\/#organization"},"potentialAction":[{"@type":"SearchAction","target":{"@type":"EntryPoint","urlTemplate":"https:\/\/assimil.mantano.com\/es\/?s={search_term_string}"},"query-input":{"@type":"PropertyValueSpecification","valueRequired":true,"valueName":"search_term_string"}}],"inLanguage":"es"},{"@type":"Organization","@id":"https:\/\/assimil.mantano.com\/es\/#organization","name":"Assimil","url":"https:\/\/assimil.mantano.com\/es\/","logo":{"@type":"ImageObject","inLanguage":"es","@id":"https:\/\/assimil.mantano.com\/es\/#\/schema\/logo\/image\/","url":"https:\/\/assimil.mantano.com\/wp-content\/uploads\/sites\/14\/2018\/07\/assimil_crisp_2.png","contentUrl":"https:\/\/assimil.mantano.com\/wp-content\/uploads\/sites\/14\/2018\/07\/assimil_crisp_2.png","width":160,"height":160,"caption":"Assimil"},"image":{"@id":"https:\/\/assimil.mantano.com\/es\/#\/schema\/logo\/image\/"},"sameAs":["https:\/\/www.facebook.com\/AssimilApps\/","https:\/\/x.com\/editionsassimil","https:\/\/www.instagram.com\/editionsassimil\/","https:\/\/www.youtube.com\/user\/editionsassimil"]}]}},"jetpack_sharing_enabled":true,"jetpack_shortlink":"https:\/\/wp.me\/Pa2uFA-1aV","_links":{"self":[{"href":"https:\/\/assimil.mantano.com\/es\/wp-json\/wp\/v2\/pages\/4521","targetHints":{"allow":["GET"]}}],"collection":[{"href":"https:\/\/assimil.mantano.com\/es\/wp-json\/wp\/v2\/pages"}],"about":[{"href":"https:\/\/assimil.mantano.com\/es\/wp-json\/wp\/v2\/types\/page"}],"author":[{"embeddable":true,"href":"https:\/\/assimil.mantano.com\/es\/wp-json\/wp\/v2\/users\/3"}],"replies":[{"embeddable":true,"href":"https:\/\/assimil.mantano.com\/es\/wp-json\/wp\/v2\/comments?post=4521"}],"version-history":[{"count":2,"href":"https:\/\/assimil.mantano.com\/es\/wp-json\/wp\/v2\/pages\/4521\/revisions"}],"predecessor-version":[{"id":88160,"href":"https:\/\/assimil.mantano.com\/es\/wp-json\/wp\/v2\/pages\/4521\/revisions\/88160"}],"wp:attachment":[{"href":"https:\/\/assimil.mantano.com\/es\/wp-json\/wp\/v2\/media?parent=4521"}],"curies":[{"name":"wp","href":"https:\/\/api.w.org\/{rel}","templated":true}]}}