{"id":6593,"date":"2016-03-25T15:44:36","date_gmt":"2016-03-25T15:44:36","guid":{"rendered":"http:\/\/www.bookari.com\/es\/?page_id=6593"},"modified":"2016-12-14T17:54:36","modified_gmt":"2016-12-14T15:54:36","slug":"contacta-nos","status":"publish","type":"page","link":"https:\/\/assimil.mantano.com\/es\/contactanos\/","title":{"rendered":"Cont\u00e1ctanos"},"content":{"rendered":"<div class=\"wpb-content-wrapper\">[vc_row center_row=\u00bbyes\u00bb bg_style=\u00bbstretch\u00bb border_style=\u00bbsolid\u00bb padding_top=\u00bb45px\u00bb bg_color=\u00bb#f7f7f7&#8243; border_color=\u00bb#e4e4e4&#8243; border_width=\u00bb1px 0px 1px 0px\u00bb el_class=\u00bblight-form\u00bb][vc_column]\n<div class=\"wpcf7 no-js\" id=\"wpcf7-f6628-o1\" lang=\"en-US\" dir=\"ltr\" data-wpcf7-id=\"6628\">\n<div class=\"screen-reader-response\"><p role=\"status\" aria-live=\"polite\" aria-atomic=\"true\"><\/p> <ul><\/ul><\/div>\n<form action=\"\/es\/wp-json\/wp\/v2\/pages\/6593#wpcf7-f6628-o1\" method=\"post\" class=\"wpcf7-form init\" aria-label=\"Contact form\" novalidate=\"novalidate\" data-status=\"init\">\n<fieldset class=\"hidden-fields-container\"><input type=\"hidden\" name=\"_wpcf7\" value=\"6628\" \/><input type=\"hidden\" name=\"_wpcf7_version\" value=\"6.1.5\" \/><input type=\"hidden\" name=\"_wpcf7_locale\" value=\"en_US\" \/><input type=\"hidden\" name=\"_wpcf7_unit_tag\" value=\"wpcf7-f6628-o1\" \/><input type=\"hidden\" name=\"_wpcf7_container_post\" value=\"0\" \/><input type=\"hidden\" name=\"_wpcf7_posted_data_hash\" value=\"\" \/>\n<\/fieldset>\n<p class=\"one-half first\"><span class=\"wpcf7-form-control-wrap\" data-name=\"your-name\"><input size=\"40\" maxlength=\"400\" class=\"wpcf7-form-control wpcf7-text wpcf7-validates-as-required\" aria-required=\"true\" aria-invalid=\"false\" value=\"Nombre\" type=\"text\" name=\"your-name\" \/><\/span>\n<\/p>\n<p class=\"one-half\"><span class=\"wpcf7-form-control-wrap\" data-name=\"your-email\"><input size=\"40\" maxlength=\"400\" class=\"wpcf7-form-control wpcf7-email wpcf7-validates-as-required wpcf7-text wpcf7-validates-as-email\" aria-required=\"true\" aria-invalid=\"false\" value=\"Direcci\u00f3n Email\" type=\"email\" name=\"your-email\" \/><\/span>\n<\/p>\n<p class=\"one-half first\"><span class=\"wpcf7-form-control-wrap\" data-name=\"text-company\"><input size=\"40\" maxlength=\"400\" class=\"wpcf7-form-control wpcf7-text wpcf7-validates-as-required\" aria-required=\"true\" aria-invalid=\"false\" placeholder=\"Empresa\" value=\"\" type=\"text\" name=\"text-company\" \/><\/span>\n<\/p>\n<p class=\"one-half\"><span class=\"wpcf7-form-control-wrap\" data-name=\"text-country\"><input size=\"40\" maxlength=\"400\" class=\"wpcf7-form-control wpcf7-text wpcf7-validates-as-required\" aria-required=\"true\" aria-invalid=\"false\" placeholder=\"Pa\u00eds\" value=\"\" type=\"text\" name=\"text-country\" \/><\/span>\n<\/p>\n<p class=\"one-half first\"><span class=\"wpcf7-form-control-wrap\" data-name=\"menu-topic\"><select class=\"wpcf7-form-control wpcf7-select theme-select\" id=\"topic\" aria-invalid=\"false\" name=\"menu-topic\"><option value=\"\">&#8212;Please choose an option&#8212;<\/option><option value=\"Solicitud de informaci\u00f3n sobre Bookari\">Solicitud de informaci\u00f3n sobre Bookari<\/option><option value=\"Otra solicitud de informaci\u00f3n\">Otra solicitud de informaci\u00f3n<\/option><\/select><\/span>\n<\/p>\n<p class=\"one-half\"><span class=\"wpcf7-form-control-wrap\" data-name=\"your-subject\"><input size=\"40\" maxlength=\"400\" class=\"wpcf7-form-control wpcf7-text wpcf7-validates-as-required\" aria-required=\"true\" aria-invalid=\"false\" placeholder=\"Asunto\" value=\"\" type=\"text\" name=\"your-subject\" \/><\/span>\n<\/p>\n<p><span class=\"wpcf7-form-control-wrap\" data-name=\"your-message\"><textarea cols=\"40\" rows=\"10\" maxlength=\"2000\" class=\"wpcf7-form-control wpcf7-textarea\" aria-invalid=\"false\" name=\"your-message\"><\/textarea><\/span>\n<\/p>\n<p>[recaptcha]\n<\/p>\n<p><input class=\"wpcf7-form-control wpcf7-submit has-spinner\" type=\"submit\" value=\"Enviar mi mensaje\" \/>\n<\/p><div class=\"wpcf7-response-output\" aria-hidden=\"true\"><\/div>\n<\/form>\n<\/div>\n[\/vc_column][\/vc_row][vc_row center_row=\u00bbyes\u00bb bg_style=\u00bbstretch\u00bb border_style=\u00bbsolid\u00bb padding_top=\u00bb50px\u00bb padding_bottom=\u00bb10px\u00bb][vc_column width=\u00bb1\/4&#8243;]<div class=\"vcex-module vcex-divider vcex-divider-solid vcex-divider-center wpex-mx-auto wpex-block wpex-h-0 wpex-border-b wpex-border-solid wpex-border-main\" style=\"margin-block:15px;\"><\/div>[vc_column_text]\n<p style=\"text-align: center\">2 rue du Helder<br \/>\n75009 Paris,\u00a0France<\/p>\n[\/vc_column_text]<div class=\"vcex-module vcex-divider vcex-divider-solid vcex-divider-center wpex-mx-auto wpex-block wpex-h-0 wpex-border-b wpex-border-solid wpex-border-main\" style=\"margin-block:15px;\"><\/div><style>.vcex-list_item.vcex_69e349a31acd2 .vcex-list-item-icon-inner{color:#4a97c2;}<\/style><div class=\"vcex-list_item vcex-module wpex-m-0 wpex-max-w-100 wpex-mb-5 vcex_69e349a31acd2\"><div class=\"vcex-list-item-inner wpex-inline-flex wpex-flex-no-wrap\"><div class=\"vcex-list-item-icon wpex-mr-10\"><div class=\"vcex-list-item-icon-inner vcex-icon-wrap wpex-inline-flex wpex-justify-center wpex-items-center wpex-leading-none wpex-child-inherit-color\"><span class=\"wpex-icon--w wpex-icon\" aria-hidden=\"true\"><svg xmlns=\"http:\/\/www.w3.org\/2000\/svg\" viewBox=\"0 0 512 512\"><path d=\"M164.9 24.6c-7.7-18.6-28-28.5-47.4-23.2l-88 24C12.1 30.2 0 46 0 64C0 311.4 200.6 512 448 512c18 0 33.8-12.1 38.6-29.5l24-88c5.3-19.4-4.6-39.7-23.2-47.4l-96-40c-16.3-6.8-35.2-2.1-46.3 11.6L304.7 368C234.3 334.7 177.3 277.7 144 207.3L193.3 167c13.7-11.2 18.4-30 11.6-46.3l-40-96z\"\/><\/svg><\/span><\/div><\/div><div class=\"vcex-list-item-text vcex-content wpex-flex-grow\">+33 (0)1 42 47 05 61<\/div><\/div><\/div><style>.vcex-list_item.vcex_69e349a31bf75 .vcex-list-item-icon-inner{color:#4a97c2;}<\/style><div class=\"vcex-list_item vcex-module wpex-m-0 wpex-max-w-100 wpex-mb-5 vcex_69e349a31bf75\"><div class=\"vcex-list-item-inner wpex-inline-flex wpex-flex-no-wrap\"><div class=\"vcex-list-item-icon wpex-mr-10\"><div class=\"vcex-list-item-icon-inner vcex-icon-wrap wpex-inline-flex wpex-justify-center wpex-items-center wpex-leading-none wpex-child-inherit-color\"><span class=\"wpex-icon--w wpex-icon\" aria-hidden=\"true\"><svg xmlns=\"http:\/\/www.w3.org\/2000\/svg\" viewBox=\"0 0 512 512\"><path d=\"M128 0C92.7 0 64 28.7 64 64v96h64V64H354.7L384 93.3V160h64V93.3c0-17-6.7-33.3-18.7-45.3L400 18.7C388 6.7 371.7 0 354.7 0H128zM384 352v32 64H128V384 368 352H384zm64 32h32c17.7 0 32-14.3 32-32V256c0-35.3-28.7-64-64-64H64c-35.3 0-64 28.7-64 64v96c0 17.7 14.3 32 32 32H64v64c0 35.3 28.7 64 64 64H384c35.3 0 64-28.7 64-64V384zM432 248a24 24 0 1 1 0 48 24 24 0 1 1 0-48z\"\/><\/svg><\/span><\/div><\/div><div class=\"vcex-list-item-text vcex-content wpex-flex-grow\">@bookari<\/div><\/div><\/div><div class=\"vcex-list_item vcex-module wpex-m-0 wpex-max-w-100 wpex-mb-5\"><div class=\"vcex-list-item-inner wpex-inline-flex wpex-flex-no-wrap\"><div class=\"vcex-list-item-icon wpex-mr-10\"><div class=\"vcex-list-item-icon-inner vcex-icon-wrap wpex-inline-flex wpex-justify-center wpex-items-center wpex-leading-none wpex-child-inherit-color\"><span class=\"wpex-icon--w wpex-icon\" aria-hidden=\"true\"><svg xmlns=\"http:\/\/www.w3.org\/2000\/svg\" viewBox=\"0 0 576 512\"><path d=\"M287.9 0c9.2 0 17.6 5.2 21.6 13.5l68.6 141.3 153.2 22.6c9 1.3 16.5 7.6 19.3 16.3s.5 18.1-5.9 24.5L433.6 328.4l26.2 155.6c1.5 9-2.2 18.1-9.7 23.5s-17.3 6-25.3 1.7l-137-73.2L151 509.1c-8.1 4.3-17.9 3.7-25.3-1.7s-11.2-14.5-9.7-23.5l26.2-155.6L31.1 218.2c-6.5-6.4-8.7-15.9-5.9-24.5s10.3-14.9 19.3-16.3l153.2-22.6L266.3 13.5C270.4 5.2 278.7 0 287.9 0zm0 79L235.4 187.2c-3.5 7.1-10.2 12.1-18.1 13.3L99 217.9 184.9 303c5.5 5.5 8.1 13.3 6.8 21L171.4 443.7l105.2-56.2c7.1-3.8 15.6-3.8 22.6 0l105.2 56.2L384.2 324.1c-1.3-7.7 1.2-15.5 6.8-21l85.9-85.1L358.6 200.5c-7.8-1.2-14.6-6.1-18.1-13.3L287.9 79z\"\/><\/svg><\/span><\/div><\/div><div class=\"vcex-list-item-text vcex-content wpex-flex-grow\">This is a pretty list item<\/div><\/div><\/div>[\/vc_column][vc_column width=\u00bb3\/4&#8243;][vc_gmaps link=\u00bb#E-8_aHR0cHMlM0ElMkYlMkZ3d3cuZ29vZ2xlLmNvbSUyRm1hcHMlMkZlbWJlZCUzRnBiJTNEJTIxMW0xNCUyMTFtMTIlMjExbTMlMjExZDI2MjQuMzA4NjcwNDA0Mjg0NCUyMTJkMi4zMzI3MDgzMTU4MDEyNDY3JTIxM2Q0OC44NzEzOTE5NzkyODg2NiUyMTJtMyUyMTFmMCUyMTJmMCUyMTNmMCUyMTNtMiUyMTFpMTAyNCUyMTJpNzY4JTIxNGYxMy4xJTIxNWUwJTIxM20yJTIxMXNmciUyMTJzZnIlMjE0djE0NTM3NDI4MjY1MzMlMjI=\u00bb size=\u00bb330&#8243; type=\u00bbm\u00bb zoom=\u00bb14&#8243;][\/vc_column][\/vc_row]\n<\/div>","protected":false},"excerpt":{"rendered":"<p>[vc_row center_row=\u00bbyes\u00bb bg_style=\u00bbstretch\u00bb border_style=\u00bbsolid\u00bb padding_top=\u00bb45px\u00bb bg_color=\u00bb#f7f7f7&#8243; border_color=\u00bb#e4e4e4&#8243; border_width=\u00bb1px 0px 1px 0px\u00bb el_class=\u00bblight-form\u00bb][vc_column][\/vc_column][\/vc_row][vc_row center_row=\u00bbyes\u00bb bg_style=\u00bbstretch\u00bb border_style=\u00bbsolid\u00bb padding_top=\u00bb50px\u00bb padding_bottom=\u00bb10px\u00bb][vc_column width=\u00bb1\/4&#8243;][vc_column_text] 2 rue du Helder 75009 Paris,\u00a0France [\/vc_column_text][\/vc_column][vc_column width=\u00bb3\/4&#8243;][vc_gmaps link=\u00bb#E-8_aHR0cHMlM0ElMkYlMkZ3d3cuZ29vZ2xlLmNvbSUyRm1hcHMlMkZlbWJlZCUzRnBiJTNEJTIxMW0xNCUyMTFtMTIlMjExbTMlMjExZDI2MjQuMzA4NjcwNDA0Mjg0NCUyMTJkMi4zMzI3MDgzMTU4MDEyNDY3JTIxM2Q0OC44NzEzOTE5NzkyODg2NiUyMTJtMyUyMTFmMCUyMTJmMCUyMTNmMCUyMTNtMiUyMTFpMTAyNCUyMTJpNzY4JTIxNGYxMy4xJTIxNWUwJTIxM20yJTIxMXNmciUyMTJzZnIlMjE0djE0NTM3NDI4MjY1MzMlMjI=\u00bb size=\u00bb330&#8243; type=\u00bbm\u00bb zoom=\u00bb14&#8243;][\/vc_column][\/vc_row]<\/p>\n","protected":false},"author":3,"featured_media":0,"parent":0,"menu_order":0,"comment_status":"closed","ping_status":"closed","template":"","meta":{"inline_featured_image":false,"jetpack_post_was_ever_published":false,"footnotes":""},"class_list":["post-6593","page","type-page","status-publish","hentry","entry","no-media"],"yoast_head":"<!-- This site is optimized with the Yoast SEO plugin v27.4 - https:\/\/yoast.com\/product\/yoast-seo-wordpress\/ -->\n<title>Assimil e-courses - Cont\u00e1ctanos - Apprend des langues facilement et rapidement sur smartphone, tablette et ordi<\/title>\n<meta name=\"description\" content=\"Habla un idioma en 100 d\u00edas. Los e-m\u00e9todos de Assimil se basan en un principio patentado de aprendizaje intuitivo. Aprender\u00e1s de una manera agradable, r\u00e1pida y f\u00e1cil en tu m\u00f3vil (iPhone y Android), tableta y computadora.\" \/>\n<meta name=\"robots\" content=\"index, follow, max-snippet:-1, max-image-preview:large, max-video-preview:-1\" \/>\n<link rel=\"canonical\" href=\"https:\/\/assimil.mantano.com\/es\/contactanos\/\" \/>\n<meta property=\"og:locale\" content=\"es_ES\" \/>\n<meta property=\"og:type\" content=\"article\" \/>\n<meta property=\"og:title\" content=\"Assimil e-courses - Cont\u00e1ctanos - Apprend des langues facilement et rapidement sur smartphone, tablette et ordi\" \/>\n<meta property=\"og:description\" content=\"Habla un idioma en 100 d\u00edas. Los e-m\u00e9todos de Assimil se basan en un principio patentado de aprendizaje intuitivo. Aprender\u00e1s de una manera agradable, r\u00e1pida y f\u00e1cil en tu m\u00f3vil (iPhone y Android), tableta y computadora.\" \/>\n<meta property=\"og:url\" content=\"https:\/\/assimil.mantano.com\/es\/contactanos\/\" \/>\n<meta property=\"og:site_name\" content=\"Assimil e-courses\" \/>\n<meta property=\"article:publisher\" content=\"https:\/\/www.facebook.com\/AssimilApps\/\" \/>\n<meta property=\"article:modified_time\" content=\"2016-12-14T15:54:36+00:00\" \/>\n<meta property=\"og:image\" content=\"https:\/\/assimil.mantano.com\/wp-content\/uploads\/sites\/14\/2021\/04\/Apps-Assimil-_-Post-Facebook.png\" \/>\n\t<meta property=\"og:image:width\" content=\"940\" \/>\n\t<meta property=\"og:image:height\" content=\"788\" \/>\n\t<meta property=\"og:image:type\" content=\"image\/png\" \/>\n<meta name=\"twitter:card\" content=\"summary_large_image\" \/>\n<meta name=\"twitter:site\" content=\"@editionsassimil\" \/>\n<meta name=\"twitter:label1\" content=\"Tiempo de lectura\" \/>\n\t<meta name=\"twitter:data1\" content=\"1 minuto\" \/>\n<script type=\"application\/ld+json\" class=\"yoast-schema-graph\">{\"@context\":\"https:\\\/\\\/schema.org\",\"@graph\":[{\"@type\":\"WebPage\",\"@id\":\"https:\\\/\\\/assimil.mantano.com\\\/es\\\/contactanos\\\/\",\"url\":\"https:\\\/\\\/assimil.mantano.com\\\/es\\\/contactanos\\\/\",\"name\":\"Assimil e-courses - Cont\u00e1ctanos - Apprend des langues facilement et rapidement sur smartphone, tablette et ordi\",\"isPartOf\":{\"@id\":\"https:\\\/\\\/assimil.mantano.com\\\/es\\\/#website\"},\"datePublished\":\"2016-03-25T15:44:36+00:00\",\"dateModified\":\"2016-12-14T15:54:36+00:00\",\"description\":\"Habla un idioma en 100 d\u00edas. Los e-m\u00e9todos de Assimil se basan en un principio patentado de aprendizaje intuitivo. Aprender\u00e1s de una manera agradable, r\u00e1pida y f\u00e1cil en tu m\u00f3vil (iPhone y Android), tableta y computadora.\",\"breadcrumb\":{\"@id\":\"https:\\\/\\\/assimil.mantano.com\\\/es\\\/contactanos\\\/#breadcrumb\"},\"inLanguage\":\"es\",\"potentialAction\":[{\"@type\":\"ReadAction\",\"target\":[\"https:\\\/\\\/assimil.mantano.com\\\/es\\\/contactanos\\\/\"]}]},{\"@type\":\"BreadcrumbList\",\"@id\":\"https:\\\/\\\/assimil.mantano.com\\\/es\\\/contactanos\\\/#breadcrumb\",\"itemListElement\":[{\"@type\":\"ListItem\",\"position\":1,\"name\":\"Accueil\",\"item\":\"https:\\\/\\\/assimil.mantano.com\\\/es\\\/\"},{\"@type\":\"ListItem\",\"position\":2,\"name\":\"Cont\u00e1ctanos\"}]},{\"@type\":\"WebSite\",\"@id\":\"https:\\\/\\\/assimil.mantano.com\\\/es\\\/#website\",\"url\":\"https:\\\/\\\/assimil.mantano.com\\\/es\\\/\",\"name\":\"Assimil e-courses\",\"description\":\"100 days to speak a new language\",\"publisher\":{\"@id\":\"https:\\\/\\\/assimil.mantano.com\\\/es\\\/#organization\"},\"potentialAction\":[{\"@type\":\"SearchAction\",\"target\":{\"@type\":\"EntryPoint\",\"urlTemplate\":\"https:\\\/\\\/assimil.mantano.com\\\/es\\\/?s={search_term_string}\"},\"query-input\":{\"@type\":\"PropertyValueSpecification\",\"valueRequired\":true,\"valueName\":\"search_term_string\"}}],\"inLanguage\":\"es\"},{\"@type\":\"Organization\",\"@id\":\"https:\\\/\\\/assimil.mantano.com\\\/es\\\/#organization\",\"name\":\"Assimil\",\"url\":\"https:\\\/\\\/assimil.mantano.com\\\/es\\\/\",\"logo\":{\"@type\":\"ImageObject\",\"inLanguage\":\"es\",\"@id\":\"https:\\\/\\\/assimil.mantano.com\\\/es\\\/#\\\/schema\\\/logo\\\/image\\\/\",\"url\":\"https:\\\/\\\/assimil.mantano.com\\\/wp-content\\\/uploads\\\/sites\\\/14\\\/2018\\\/07\\\/assimil_crisp_2.png\",\"contentUrl\":\"https:\\\/\\\/assimil.mantano.com\\\/wp-content\\\/uploads\\\/sites\\\/14\\\/2018\\\/07\\\/assimil_crisp_2.png\",\"width\":160,\"height\":160,\"caption\":\"Assimil\"},\"image\":{\"@id\":\"https:\\\/\\\/assimil.mantano.com\\\/es\\\/#\\\/schema\\\/logo\\\/image\\\/\"},\"sameAs\":[\"https:\\\/\\\/www.facebook.com\\\/AssimilApps\\\/\",\"https:\\\/\\\/x.com\\\/editionsassimil\",\"https:\\\/\\\/www.instagram.com\\\/editionsassimil\\\/\",\"https:\\\/\\\/www.youtube.com\\\/user\\\/editionsassimil\"]}]}<\/script>\n<!-- \/ Yoast SEO plugin. -->","yoast_head_json":{"title":"Assimil e-courses - Cont\u00e1ctanos - Apprend des langues facilement et rapidement sur smartphone, tablette et ordi","description":"Habla un idioma en 100 d\u00edas. Los e-m\u00e9todos de Assimil se basan en un principio patentado de aprendizaje intuitivo. Aprender\u00e1s de una manera agradable, r\u00e1pida y f\u00e1cil en tu m\u00f3vil (iPhone y Android), tableta y computadora.","robots":{"index":"index","follow":"follow","max-snippet":"max-snippet:-1","max-image-preview":"max-image-preview:large","max-video-preview":"max-video-preview:-1"},"canonical":"https:\/\/assimil.mantano.com\/es\/contactanos\/","og_locale":"es_ES","og_type":"article","og_title":"Assimil e-courses - Cont\u00e1ctanos - Apprend des langues facilement et rapidement sur smartphone, tablette et ordi","og_description":"Habla un idioma en 100 d\u00edas. Los e-m\u00e9todos de Assimil se basan en un principio patentado de aprendizaje intuitivo. Aprender\u00e1s de una manera agradable, r\u00e1pida y f\u00e1cil en tu m\u00f3vil (iPhone y Android), tableta y computadora.","og_url":"https:\/\/assimil.mantano.com\/es\/contactanos\/","og_site_name":"Assimil e-courses","article_publisher":"https:\/\/www.facebook.com\/AssimilApps\/","article_modified_time":"2016-12-14T15:54:36+00:00","og_image":[{"width":940,"height":788,"url":"https:\/\/assimil.mantano.com\/wp-content\/uploads\/sites\/14\/2021\/04\/Apps-Assimil-_-Post-Facebook.png","type":"image\/png"}],"twitter_card":"summary_large_image","twitter_site":"@editionsassimil","twitter_misc":{"Tiempo de lectura":"1 minuto"},"schema":{"@context":"https:\/\/schema.org","@graph":[{"@type":"WebPage","@id":"https:\/\/assimil.mantano.com\/es\/contactanos\/","url":"https:\/\/assimil.mantano.com\/es\/contactanos\/","name":"Assimil e-courses - Cont\u00e1ctanos - Apprend des langues facilement et rapidement sur smartphone, tablette et ordi","isPartOf":{"@id":"https:\/\/assimil.mantano.com\/es\/#website"},"datePublished":"2016-03-25T15:44:36+00:00","dateModified":"2016-12-14T15:54:36+00:00","description":"Habla un idioma en 100 d\u00edas. Los e-m\u00e9todos de Assimil se basan en un principio patentado de aprendizaje intuitivo. Aprender\u00e1s de una manera agradable, r\u00e1pida y f\u00e1cil en tu m\u00f3vil (iPhone y Android), tableta y computadora.","breadcrumb":{"@id":"https:\/\/assimil.mantano.com\/es\/contactanos\/#breadcrumb"},"inLanguage":"es","potentialAction":[{"@type":"ReadAction","target":["https:\/\/assimil.mantano.com\/es\/contactanos\/"]}]},{"@type":"BreadcrumbList","@id":"https:\/\/assimil.mantano.com\/es\/contactanos\/#breadcrumb","itemListElement":[{"@type":"ListItem","position":1,"name":"Accueil","item":"https:\/\/assimil.mantano.com\/es\/"},{"@type":"ListItem","position":2,"name":"Cont\u00e1ctanos"}]},{"@type":"WebSite","@id":"https:\/\/assimil.mantano.com\/es\/#website","url":"https:\/\/assimil.mantano.com\/es\/","name":"Assimil e-courses","description":"100 days to speak a new language","publisher":{"@id":"https:\/\/assimil.mantano.com\/es\/#organization"},"potentialAction":[{"@type":"SearchAction","target":{"@type":"EntryPoint","urlTemplate":"https:\/\/assimil.mantano.com\/es\/?s={search_term_string}"},"query-input":{"@type":"PropertyValueSpecification","valueRequired":true,"valueName":"search_term_string"}}],"inLanguage":"es"},{"@type":"Organization","@id":"https:\/\/assimil.mantano.com\/es\/#organization","name":"Assimil","url":"https:\/\/assimil.mantano.com\/es\/","logo":{"@type":"ImageObject","inLanguage":"es","@id":"https:\/\/assimil.mantano.com\/es\/#\/schema\/logo\/image\/","url":"https:\/\/assimil.mantano.com\/wp-content\/uploads\/sites\/14\/2018\/07\/assimil_crisp_2.png","contentUrl":"https:\/\/assimil.mantano.com\/wp-content\/uploads\/sites\/14\/2018\/07\/assimil_crisp_2.png","width":160,"height":160,"caption":"Assimil"},"image":{"@id":"https:\/\/assimil.mantano.com\/es\/#\/schema\/logo\/image\/"},"sameAs":["https:\/\/www.facebook.com\/AssimilApps\/","https:\/\/x.com\/editionsassimil","https:\/\/www.instagram.com\/editionsassimil\/","https:\/\/www.youtube.com\/user\/editionsassimil"]}]}},"jetpack_sharing_enabled":true,"jetpack_shortlink":"https:\/\/wp.me\/Pa2uFA-1Il","_links":{"self":[{"href":"https:\/\/assimil.mantano.com\/es\/wp-json\/wp\/v2\/pages\/6593","targetHints":{"allow":["GET"]}}],"collection":[{"href":"https:\/\/assimil.mantano.com\/es\/wp-json\/wp\/v2\/pages"}],"about":[{"href":"https:\/\/assimil.mantano.com\/es\/wp-json\/wp\/v2\/types\/page"}],"author":[{"embeddable":true,"href":"https:\/\/assimil.mantano.com\/es\/wp-json\/wp\/v2\/users\/3"}],"replies":[{"embeddable":true,"href":"https:\/\/assimil.mantano.com\/es\/wp-json\/wp\/v2\/comments?post=6593"}],"version-history":[{"count":0,"href":"https:\/\/assimil.mantano.com\/es\/wp-json\/wp\/v2\/pages\/6593\/revisions"}],"wp:attachment":[{"href":"https:\/\/assimil.mantano.com\/es\/wp-json\/wp\/v2\/media?parent=6593"}],"curies":[{"name":"wp","href":"https:\/\/api.w.org\/{rel}","templated":true}]}}